{"id":6,"date":"2021-01-24T12:18:30","date_gmt":"2021-01-24T10:18:30","guid":{"rendered":"https:\/\/jalkojenhoitoa.villasukkasillain.com\/?page_id=6"},"modified":"2025-06-06T18:19:14","modified_gmt":"2025-06-06T15:19:14","slug":"contact","status":"publish","type":"page","link":"https:\/\/jalkojenhoitoa.villasukkasillain.com\/?page_id=6","title":{"rendered":"Yhteystiedot"},"content":{"rendered":"\n<p class=\"has-large-font-size\">Hoitola sijaitsee Myllypuron Seniorikeskuksen tiloissa <\/p>\n\n\n\n<p class=\"has-large-font-size\">Myllymatkantie 4, 00980 Helsinki<\/p>\n\n\n\n<p class=\"has-black-color has-text-color\" style=\"font-size:20px;line-height:2.2\"><mark style=\"background-color:rgba(0, 0, 0, 0)\" class=\"has-inline-color has-black-color\"><strong>Jalkojenhoitoa villasukkasillain<\/strong><\/mark> <strong>kotik\u00e4yntej\u00e4<\/strong><\/p>\n\n\n\n<p class=\"has-large-font-size\">Helsinki &#8211; Vantaa alueilla<\/p>\n\n\n\n<p class=\"has-medium-font-size\">VillasukkaSillain (Y- 1390092-1)<\/p>\n\n\n\n<p class=\"has-medium-font-size\">Vantaa, Vantaankoskentie, 016720 VANTAA<\/p>\n\n\n\n<p class=\"has-dark-gray-color has-text-color\" style=\"font-size:30px\">Jalkojenhoito <strong><a rel=\"noreferrer noopener\" href=\"http:\/\/www.vello.fi\/jalkojenhoitoa-villasukkasillain\" target=\"_blank\">Ajanvaraukset kalenterista<\/a><\/strong><\/p>\n\n\n\n<p class=\"has-dark-gray-color has-text-color\" style=\"font-size:30px\"><strong>ja tiedustelut s\u00e4hk\u00f6postilla<\/strong><\/p>\n\n\n\n<p class=\"has-text-color\" style=\"color:#1d35c3;font-size:30px\"><strong><a href=\"mailto:villasukkasillain@gmail.com\" target=\"_blank\" rel=\"noreferrer noopener\">villasukkasillain@gmail.com<\/a><\/strong><\/p>\n\n\n\n<p class=\"\"><strong>Puhelimella 045 3322 410<\/strong><\/p>\n\n\n\n<p class=\"has-text-color\" style=\"color:#1741c1;font-size:30px\"><a href=\"https:\/\/www.facebook.com\/profile.php?id=100063992206576\" target=\"_blank\" rel=\"noopener\" title=\"\">jalkojenhoitoavillasukkasillain facebookissa<\/a><\/p>\n\n\n\n<p style=\"font-size:30px\" class=\"\"><a href=\"https:\/\/www.facebook.com\/groups\/906921006471704\" target=\"_blank\" rel=\"noopener\" title=\"\">Karita ja LR Health&amp;Beauty FB ryhm\u00e4<\/a><\/p>\n\n\n\n<p style=\"font-size:18px\" class=\"\"><a href=\"http:\/\/www.lrworld.com\/vornila\" target=\"_blank\" rel=\"noreferrer noopener\">LR Healt &amp; Beauty tuotteiden viralliselle tilaus sivulle<\/a> t\u00e4\u00e4lt\u00e4 kaupasta l\u00f6yd\u00e4t my\u00f6s sen Aloe Vera Repairig Foot Creamin, mit\u00e4 itse k\u00e4yt\u00e4n jalkojenhoitoja tehdess\u00e4ni, sek\u00e4 paljon muita Aloe Vera tuotteita. K\u00e4y kurkkaamassa kauppaan.<\/p>\n\n\n\n<p style=\"font-size:30px\" class=\"\"><a rel=\"noreferrer noopener\" href=\"https:\/\/www.villasukkasillain.com\" target=\"_blank\">www.villasukkasillain.com<\/a><\/p>\n","protected":false},"excerpt":{"rendered":"<p>Hoitola sijaitsee Myllypuron Seniorikeskuksen tiloissa Myllymatkantie 4, 00980 Helsinki Jalkojenhoitoa villasukkasillain kotik\u00e4yntej\u00e4 Helsinki &#8211; Vantaa alueilla VillasukkaSillain (Y- 1390092-1) Vantaa, Vantaankoskentie, 016720 VANTAA Jalkojenhoito Ajanvaraukset kalenterista ja tiedustelut s\u00e4hk\u00f6postilla villasukkasillain@gmail.com Puhelimella 045 3322 410 jalkojenhoitoavillasukkasillain facebookissa Karita ja LR Health&amp;Beauty FB ryhm\u00e4 LR Healt &amp; Beauty tuotteiden viralliselle tilaus sivulle t\u00e4\u00e4lt\u00e4 kaupasta l\u00f6yd\u00e4t my\u00f6s sen&hellip; <a href=\"https:\/\/jalkojenhoitoa.villasukkasillain.com\/?page_id=6\" class=\"more-link\">Jatka lukemista <span class=\"screen-reader-text\">Yhteystiedot<\/span><\/a><\/p>\n","protected":false},"author":1,"featured_media":56,"parent":0,"menu_order":0,"comment_status":"open","ping_status":"closed","template":"","meta":{"nf_dc_page":"","_monsterinsights_skip_tracking":false,"_monsterinsights_sitenote_active":false,"_monsterinsights_sitenote_note":"","_monsterinsights_sitenote_category":0,"footnotes":""},"tags":[],"class_list":["post-6","page","type-page","status-publish","has-post-thumbnail","hentry","without-featured-image"],"aioseo_notices":[],"jetpack_sharing_enabled":true,"_links":{"self":[{"href":"https:\/\/jalkojenhoitoa.villasukkasillain.com\/index.php?rest_route=\/wp\/v2\/pages\/6","targetHints":{"allow":["GET"]}}],"collection":[{"href":"https:\/\/jalkojenhoitoa.villasukkasillain.com\/index.php?rest_route=\/wp\/v2\/pages"}],"about":[{"href":"https:\/\/jalkojenhoitoa.villasukkasillain.com\/index.php?rest_route=\/wp\/v2\/types\/page"}],"author":[{"embeddable":true,"href":"https:\/\/jalkojenhoitoa.villasukkasillain.com\/index.php?rest_route=\/wp\/v2\/users\/1"}],"replies":[{"embeddable":true,"href":"https:\/\/jalkojenhoitoa.villasukkasillain.com\/index.php?rest_route=%2Fwp%2Fv2%2Fcomments&post=6"}],"version-history":[{"count":6,"href":"https:\/\/jalkojenhoitoa.villasukkasillain.com\/index.php?rest_route=\/wp\/v2\/pages\/6\/revisions"}],"predecessor-version":[{"id":237,"href":"https:\/\/jalkojenhoitoa.villasukkasillain.com\/index.php?rest_route=\/wp\/v2\/pages\/6\/revisions\/237"}],"wp:featuredmedia":[{"embeddable":true,"href":"https:\/\/jalkojenhoitoa.villasukkasillain.com\/index.php?rest_route=\/wp\/v2\/media\/56"}],"wp:attachment":[{"href":"https:\/\/jalkojenhoitoa.villasukkasillain.com\/index.php?rest_route=%2Fwp%2Fv2%2Fmedia&parent=6"}],"wp:term":[{"taxonomy":"post_tag","embeddable":true,"href":"https:\/\/jalkojenhoitoa.villasukkasillain.com\/index.php?rest_route=%2Fwp%2Fv2%2Ftags&post=6"}],"curies":[{"name":"wp","href":"https:\/\/api.w.org\/{rel}","templated":true}]}}