{"id":4,"date":"2021-01-24T12:18:30","date_gmt":"2021-01-24T10:18:30","guid":{"rendered":"https:\/\/jalkojenhoitoa.villasukkasillain.com\/?page_id=4"},"modified":"2025-06-06T18:12:52","modified_gmt":"2025-06-06T15:12:52","slug":"create-your-website-with-blocks","status":"publish","type":"page","link":"https:\/\/jalkojenhoitoa.villasukkasillain.com\/","title":{"rendered":"Jalkojenhoitoa villasukkasillain"},"content":{"rendered":"\n<h2 class=\"has-text-align-wide wp-block-heading alignwide has-text-align-center has-gigantic-font-size\" style=\"line-height:1.1\">Tervetuloa sivuilleni<\/h2>\n\n\n<div class=\"wp-block-image is-style-twentytwentyone-image-frame\">\n<figure class=\"aligncenter size-medium\"><img data-recalc-dims=\"1\" loading=\"lazy\" decoding=\"async\" width=\"290\" height=\"300\" src=\"https:\/\/i0.wp.com\/jalkojenhoitoa.villasukkasillain.com\/wp-content\/uploads\/2021\/01\/Mina.jpg?resize=290%2C300&#038;ssl=1\" alt=\"\" class=\"wp-image-31\" srcset=\"https:\/\/i0.wp.com\/jalkojenhoitoa.villasukkasillain.com\/wp-content\/uploads\/2021\/01\/Mina.jpg?resize=290%2C300&amp;ssl=1 290w, https:\/\/i0.wp.com\/jalkojenhoitoa.villasukkasillain.com\/wp-content\/uploads\/2021\/01\/Mina.jpg?resize=989%2C1024&amp;ssl=1 989w, https:\/\/i0.wp.com\/jalkojenhoitoa.villasukkasillain.com\/wp-content\/uploads\/2021\/01\/Mina.jpg?resize=768%2C795&amp;ssl=1 768w, https:\/\/i0.wp.com\/jalkojenhoitoa.villasukkasillain.com\/wp-content\/uploads\/2021\/01\/Mina.jpg?resize=1483%2C1536&amp;ssl=1 1483w, https:\/\/i0.wp.com\/jalkojenhoitoa.villasukkasillain.com\/wp-content\/uploads\/2021\/01\/Mina.jpg?resize=1977%2C2048&amp;ssl=1 1977w, https:\/\/i0.wp.com\/jalkojenhoitoa.villasukkasillain.com\/wp-content\/uploads\/2021\/01\/Mina.jpg?resize=1568%2C1624&amp;ssl=1 1568w, https:\/\/i0.wp.com\/jalkojenhoitoa.villasukkasillain.com\/wp-content\/uploads\/2021\/01\/Mina.jpg?w=1650&amp;ssl=1 1650w\" sizes=\"auto, (max-width: 290px) 100vw, 290px\" \/><figcaption class=\"wp-element-caption\">Min\u00e4 ja Poju<\/figcaption><\/figure>\n<\/div>\n\n\n<p class=\"has-text-align-center has-large-font-size\">Jalkojenhoitoa villasukkasillain <\/p>\n\n\n\n<p class=\"has-text-align-center has-large-font-size\">ajanvaraus hoitolaan sek\u00e4 kotik\u00e4ynteihin<\/p>\n\n\n\n<p class=\"has-text-align-center has-large-font-size\"><a href=\"http:\/\/www.vello.fi\/jalkojenhoitoa-villasukkasillain\" target=\"_blank\" rel=\"noreferrer noopener\">AJANVARAUSKALENTERISTA<\/a> <\/p>\n\n\n\n<p class=\"has-text-align-center has-large-font-size\">tai mik\u00e4li sopivaa aikaa ei l\u00f6ydy<\/p>\n\n\n\n<p class=\"has-text-align-center has-large-font-size\">laita s\u00e4hk\u00f6postia tai soita 045 33 22 410<\/p>\n\n\n\n<p class=\"has-text-align-center has-large-font-size\">jalkojenhoitoa@villasukkasillain.com tai villasukkasillain@gmail.com<\/p>\n\n\n\n<p class=\"has-text-align-center has-large-font-size\">T\u00e4ll\u00e4 hetkell\u00e4 teen kotik\u00e4yntej\u00e4 alueella Helsinki &#8211; Vantaa<\/p>\n\n\n\n<p class=\"has-medium-font-size\">Kotik\u00e4ynnin voi tilata my\u00f6s palvelutaloon, t\u00e4ll\u00f6in kun on  useampi asiakask\u00e4ynti samana p\u00e4iv\u00e4n\u00e4 samaan palvelutaloon &#8211; tarkista hinta <a href=\"https:\/\/jalkojenhoitoa.villasukkasillain.com\/?page_id=137\" target=\"_blank\" rel=\"noreferrer noopener\">hinnastosta<\/a>.<\/p>\n\n\n\n<p class=\"has-text-align-left\">Yl\u00e4valikosta p\u00e4\u00e4set surffailemaan sivuilla.<\/p>\n","protected":false},"excerpt":{"rendered":"<p>Tervetuloa sivuilleni Jalkojenhoitoa villasukkasillain ajanvaraus hoitolaan sek\u00e4 kotik\u00e4ynteihin AJANVARAUSKALENTERISTA tai mik\u00e4li sopivaa aikaa ei l\u00f6ydy laita s\u00e4hk\u00f6postia tai soita 045 33 22 410 jalkojenhoitoa@villasukkasillain.com tai villasukkasillain@gmail.com T\u00e4ll\u00e4 hetkell\u00e4 teen kotik\u00e4yntej\u00e4 alueella Helsinki &#8211; Vantaa Kotik\u00e4ynnin voi tilata my\u00f6s palvelutaloon, t\u00e4ll\u00f6in kun on useampi asiakask\u00e4ynti samana p\u00e4iv\u00e4n\u00e4 samaan palvelutaloon &#8211; tarkista hinta hinnastosta. Yl\u00e4valikosta p\u00e4\u00e4set surffailemaan&hellip; <a href=\"https:\/\/jalkojenhoitoa.villasukkasillain.com\/\" class=\"more-link\">Jatka lukemista <span class=\"screen-reader-text\">Jalkojenhoitoa villasukkasillain<\/span><\/a><\/p>\n","protected":false},"author":1,"featured_media":227,"parent":0,"menu_order":0,"comment_status":"open","ping_status":"closed","template":"","meta":{"nf_dc_page":"","_monsterinsights_skip_tracking":false,"_monsterinsights_sitenote_active":false,"_monsterinsights_sitenote_note":"","_monsterinsights_sitenote_category":0,"footnotes":""},"tags":[18,13,2,16],"class_list":["post-4","page","type-page","status-publish","has-post-thumbnail","hentry","tag-ikaihmisen-jalkojenhoito","tag-jalkahoitaja","tag-jalkahoito","tag-jalkojenhoito-kotikayntina","without-featured-image"],"aioseo_notices":[],"jetpack_sharing_enabled":true,"_links":{"self":[{"href":"https:\/\/jalkojenhoitoa.villasukkasillain.com\/index.php?rest_route=\/wp\/v2\/pages\/4","targetHints":{"allow":["GET"]}}],"collection":[{"href":"https:\/\/jalkojenhoitoa.villasukkasillain.com\/index.php?rest_route=\/wp\/v2\/pages"}],"about":[{"href":"https:\/\/jalkojenhoitoa.villasukkasillain.com\/index.php?rest_route=\/wp\/v2\/types\/page"}],"author":[{"embeddable":true,"href":"https:\/\/jalkojenhoitoa.villasukkasillain.com\/index.php?rest_route=\/wp\/v2\/users\/1"}],"replies":[{"embeddable":true,"href":"https:\/\/jalkojenhoitoa.villasukkasillain.com\/index.php?rest_route=%2Fwp%2Fv2%2Fcomments&post=4"}],"version-history":[{"count":5,"href":"https:\/\/jalkojenhoitoa.villasukkasillain.com\/index.php?rest_route=\/wp\/v2\/pages\/4\/revisions"}],"predecessor-version":[{"id":231,"href":"https:\/\/jalkojenhoitoa.villasukkasillain.com\/index.php?rest_route=\/wp\/v2\/pages\/4\/revisions\/231"}],"wp:featuredmedia":[{"embeddable":true,"href":"https:\/\/jalkojenhoitoa.villasukkasillain.com\/index.php?rest_route=\/wp\/v2\/media\/227"}],"wp:attachment":[{"href":"https:\/\/jalkojenhoitoa.villasukkasillain.com\/index.php?rest_route=%2Fwp%2Fv2%2Fmedia&parent=4"}],"wp:term":[{"taxonomy":"post_tag","embeddable":true,"href":"https:\/\/jalkojenhoitoa.villasukkasillain.com\/index.php?rest_route=%2Fwp%2Fv2%2Ftags&post=4"}],"curies":[{"name":"wp","href":"https:\/\/api.w.org\/{rel}","templated":true}]}}