{"id":28,"date":"2021-08-03T17:14:55","date_gmt":"2021-08-03T14:14:55","guid":{"rendered":"https:\/\/jalkojenhoitoa.villasukkasillain.com\/?page_id=28"},"modified":"2026-02-15T13:33:16","modified_gmt":"2026-02-15T11:33:16","slug":"kuka-mina-olen-villasukkasillain-kotihoitola","status":"publish","type":"page","link":"https:\/\/jalkojenhoitoa.villasukkasillain.com\/?page_id=28","title":{"rendered":"Kuka min\u00e4 olen? &#8211; Mik\u00e4 on villasukkasillain"},"content":{"rendered":"\n<p class=\"has-medium-font-size\">Olen Karita, AMK sairaanhoitaja, innostavana asiana olen valmistunut my\u00f6s jalkojenhoitajaksi. Sairaanhoitajan t\u00f6it\u00e4 olen tehnyt sek\u00e4 erikoissairaanhoidossa, ett\u00e4 perusterveydenhuollon akuutti puolella. Viimeisimp\u00e4n\u00e4 mutta ei v\u00e4h\u00e4isimp\u00e4n\u00e4 tein p\u00e4\u00e4ty\u00f6t\u00e4ni vanhusten puolella.  Nyt keskityn p\u00e4\u00e4asiassa vain jalkoihin.<\/p>\n\n\n\n<p class=\"has-medium-font-size\">Sairaanhoitajana n\u00e4hdess\u00e4ni hyvin paljon erilaisia jalkoja ja jalkaongelmia, syntyi halu omalta osaltani olla parantamassa ihmisten jalkaterveytt\u00e4. Koen ehdottoman t\u00e4rke\u00e4n\u00e4, ett\u00e4 my\u00f6s ik\u00e4ihmisten jalat voivat hyvin.<\/p>\n\n\n\n<p class=\"has-medium-font-size\"> <em><strong>&#8220;Voi kun on ihanaa, taas voi k\u00e4vell\u00e4 kunnolla<\/strong><\/em><strong><em>&#8220;<\/em>, &#8220;Tuntuu hyv\u00e4lt\u00e4 ihan koko kropassa&#8221;<\/strong><\/p>\n\n\n\n<p class=\"has-medium-font-size\">T\u00e4llaista asiakaspalautetta on todella ihana kuulla heti hoidon j\u00e4lkeen.<\/p>\n\n\n\n<p class=\"has-medium-font-size\">Sairaanhoitajana olen saanut paljon kokemusta my\u00f6s erilaisista haavahoidoista.<\/p>\n\n\n\n<p class=\"has-medium-font-size\">Vapaa-aikana kirjoitan mm <a href=\"https:\/\/www.villasukkasillain.com\" target=\"_blank\" rel=\"noreferrer noopener\">villasukkasillain blogia<\/a> , neulon villasukkia ja viet\u00e4n aikaa koirani kanssa. Hoitolassa on erin\u00e4inen m\u00e4\u00e4r\u00e4 villasukkia myynniss\u00e4.<\/p>\n\n\n\n<p class=\"has-medium-font-size\">Sivutoimena olen my\u00f6s itsen\u00e4inen LR Healt &amp; Beauty tuotteiden j\u00e4lleenmyyj\u00e4. LR tuotteet ovat hyvinvoinnin ja kauneuden tuotteita.  N\u00e4ist\u00e4 suosittelen ennen kaikkea Aloe Vera tuotteita, mit\u00e4 my\u00f6s itse k\u00e4yt\u00e4n. Jalkojenhoidossa LR Aloe Vera Foot Cream on ehdottomasti paras tuote jalkojen ihon kosteutukseen. LR tuotteisiin p\u00e4\u00e4set  tutustumaan <a rel=\"noreferrer noopener\" href=\"https:\/\/www.lrworld.com\/vornila\" target=\"_blank\">T\u00c4ST\u00c4 linkist\u00e4<\/a>.<\/p>\n\n\n\n<p class=\"has-text-align-center has-medium-font-size\">T\u00e4ll\u00e4 hetkell\u00e4 teen jalkojenhoitoja kotik\u00e4yntein\u00e4 alueella <\/p>\n\n\n\n<p class=\"has-text-align-center has-medium-font-size\">Helsinki &#8211; Vantaa<\/p>\n\n\n\n<p class=\"has-text-align-center has-large-font-size\">Entinen Villasukkasillain kotihoitola mist\u00e4 kaikki l\u00e4hti liikkeelle<\/p>\n\n\n<div class=\"wp-block-image is-style-rounded\">\n<figure class=\"aligncenter size-large\"><img data-recalc-dims=\"1\" loading=\"lazy\" decoding=\"async\" width=\"825\" height=\"588\" src=\"https:\/\/i0.wp.com\/jalkojenhoitoa.villasukkasillain.com\/wp-content\/uploads\/2021\/01\/Kotihoitola-%E2%80%93-kopio.jpg?resize=825%2C588&#038;ssl=1\" alt=\"\" class=\"wp-image-30\" srcset=\"https:\/\/i0.wp.com\/jalkojenhoitoa.villasukkasillain.com\/wp-content\/uploads\/2021\/01\/Kotihoitola-%E2%80%93-kopio.jpg?resize=1024%2C730&amp;ssl=1 1024w, https:\/\/i0.wp.com\/jalkojenhoitoa.villasukkasillain.com\/wp-content\/uploads\/2021\/01\/Kotihoitola-%E2%80%93-kopio.jpg?resize=300%2C214&amp;ssl=1 300w, https:\/\/i0.wp.com\/jalkojenhoitoa.villasukkasillain.com\/wp-content\/uploads\/2021\/01\/Kotihoitola-%E2%80%93-kopio.jpg?resize=768%2C547&amp;ssl=1 768w, https:\/\/i0.wp.com\/jalkojenhoitoa.villasukkasillain.com\/wp-content\/uploads\/2021\/01\/Kotihoitola-%E2%80%93-kopio.jpg?resize=1536%2C1094&amp;ssl=1 1536w, https:\/\/i0.wp.com\/jalkojenhoitoa.villasukkasillain.com\/wp-content\/uploads\/2021\/01\/Kotihoitola-%E2%80%93-kopio.jpg?resize=2048%2C1459&amp;ssl=1 2048w, https:\/\/i0.wp.com\/jalkojenhoitoa.villasukkasillain.com\/wp-content\/uploads\/2021\/01\/Kotihoitola-%E2%80%93-kopio.jpg?resize=1568%2C1117&amp;ssl=1 1568w, https:\/\/i0.wp.com\/jalkojenhoitoa.villasukkasillain.com\/wp-content\/uploads\/2021\/01\/Kotihoitola-%E2%80%93-kopio.jpg?w=1650&amp;ssl=1 1650w, https:\/\/i0.wp.com\/jalkojenhoitoa.villasukkasillain.com\/wp-content\/uploads\/2021\/01\/Kotihoitola-%E2%80%93-kopio.jpg?w=2475&amp;ssl=1 2475w\" sizes=\"auto, (max-width: 825px) 100vw, 825px\" \/><figcaption class=\"wp-element-caption\">Villasukkasillain kotihoitola &#8211; t\u00e4st\u00e4 se l\u00e4hti liikkeelle<\/figcaption><\/figure>\n<\/div>\n\n\n<p class=\"has-text-align-center\" style=\"font-size:30px\"><strong>Jalkojenhoidon ajanvaraus<\/strong><\/p>\n\n\n\n<p class=\"has-text-align-center\" style=\"font-size:30px\"><strong><a href=\"http:\/\/www.vello.fi\/jalkojenhoitoa-villasukkasillain\" target=\"_blank\" rel=\"noopener\" title=\"\">ajanvarauskalenterista<\/a> <\/strong>24\/7 tai<strong> <\/strong><\/p>\n\n\n\n<p class=\"has-text-align-center\" style=\"font-size:30px\">s\u00e4hk\u00f6postilla villasukkasillain@gmail.com<\/p>\n\n\n\n<p class=\"has-text-align-center has-medium-font-size\">TERVETULOA varaamaan aika jalkojenhoitoon, olisi mukava n\u00e4hd\u00e4 my\u00f6s sinut tai l\u00e4heisesi antamassa huomiota jaloille.<\/p>\n\n\n<div class=\"wp-block-image is-style-rounded\">\n<figure class=\"aligncenter size-large is-resized\"><img data-recalc-dims=\"1\" loading=\"lazy\" decoding=\"async\" width=\"825\" height=\"854\" src=\"https:\/\/i0.wp.com\/jalkojenhoitoa.villasukkasillain.com\/wp-content\/uploads\/2021\/01\/Mina.jpg?resize=825%2C854&#038;ssl=1\" alt=\"\" class=\"wp-image-31\" style=\"width:588px;height:608px\" srcset=\"https:\/\/i0.wp.com\/jalkojenhoitoa.villasukkasillain.com\/wp-content\/uploads\/2021\/01\/Mina.jpg?resize=989%2C1024&amp;ssl=1 989w, https:\/\/i0.wp.com\/jalkojenhoitoa.villasukkasillain.com\/wp-content\/uploads\/2021\/01\/Mina.jpg?resize=290%2C300&amp;ssl=1 290w, https:\/\/i0.wp.com\/jalkojenhoitoa.villasukkasillain.com\/wp-content\/uploads\/2021\/01\/Mina.jpg?resize=768%2C795&amp;ssl=1 768w, https:\/\/i0.wp.com\/jalkojenhoitoa.villasukkasillain.com\/wp-content\/uploads\/2021\/01\/Mina.jpg?resize=1483%2C1536&amp;ssl=1 1483w, https:\/\/i0.wp.com\/jalkojenhoitoa.villasukkasillain.com\/wp-content\/uploads\/2021\/01\/Mina.jpg?resize=1977%2C2048&amp;ssl=1 1977w, https:\/\/i0.wp.com\/jalkojenhoitoa.villasukkasillain.com\/wp-content\/uploads\/2021\/01\/Mina.jpg?resize=1568%2C1624&amp;ssl=1 1568w, https:\/\/i0.wp.com\/jalkojenhoitoa.villasukkasillain.com\/wp-content\/uploads\/2021\/01\/Mina.jpg?w=1650&amp;ssl=1 1650w\" sizes=\"auto, (max-width: 825px) 100vw, 825px\" \/><figcaption class=\"wp-element-caption\">Min\u00e4 ja Poju<\/figcaption><\/figure>\n<\/div>\n\n\n<p class=\"has-text-align-center has-medium-font-size\"><a href=\"https:\/\/www.villasukkasillain.com\" target=\"_blank\" rel=\"noreferrer noopener\">T\u00c4ST\u00c4<\/a> p\u00e4\u00e4set villasukkasillain blogin pariin, sielt\u00e4 p\u00e4\u00e4set lukemaan mielenkiintoisia villasukkajuttuja sek\u00e4 l\u00f6yd\u00e4t minusta enemm\u00e4n tietoa.<\/p>\n","protected":false},"excerpt":{"rendered":"<p>Sairaanhoitajana n\u00e4hdess\u00e4ni hyvin paljon erilaisia jalkoja ja jalkaongelmia, syntyi halu omalta osaltani olla parantamassa ihmisten jalkaterveytt\u00e4.<\/p>\n","protected":false},"author":1,"featured_media":30,"parent":0,"menu_order":0,"comment_status":"open","ping_status":"closed","template":"","meta":{"nf_dc_page":"","_monsterinsights_skip_tracking":false,"_monsterinsights_sitenote_active":false,"_monsterinsights_sitenote_note":"","_monsterinsights_sitenote_category":0,"footnotes":""},"tags":[14,3],"class_list":["post-28","page","type-page","status-publish","has-post-thumbnail","hentry","tag-jalkojenhoitaja","tag-jalkojenhoito","without-featured-image"],"aioseo_notices":[],"jetpack_sharing_enabled":true,"_links":{"self":[{"href":"https:\/\/jalkojenhoitoa.villasukkasillain.com\/index.php?rest_route=\/wp\/v2\/pages\/28","targetHints":{"allow":["GET"]}}],"collection":[{"href":"https:\/\/jalkojenhoitoa.villasukkasillain.com\/index.php?rest_route=\/wp\/v2\/pages"}],"about":[{"href":"https:\/\/jalkojenhoitoa.villasukkasillain.com\/index.php?rest_route=\/wp\/v2\/types\/page"}],"author":[{"embeddable":true,"href":"https:\/\/jalkojenhoitoa.villasukkasillain.com\/index.php?rest_route=\/wp\/v2\/users\/1"}],"replies":[{"embeddable":true,"href":"https:\/\/jalkojenhoitoa.villasukkasillain.com\/index.php?rest_route=%2Fwp%2Fv2%2Fcomments&post=28"}],"version-history":[{"count":6,"href":"https:\/\/jalkojenhoitoa.villasukkasillain.com\/index.php?rest_route=\/wp\/v2\/pages\/28\/revisions"}],"predecessor-version":[{"id":265,"href":"https:\/\/jalkojenhoitoa.villasukkasillain.com\/index.php?rest_route=\/wp\/v2\/pages\/28\/revisions\/265"}],"wp:featuredmedia":[{"embeddable":true,"href":"https:\/\/jalkojenhoitoa.villasukkasillain.com\/index.php?rest_route=\/wp\/v2\/media\/30"}],"wp:attachment":[{"href":"https:\/\/jalkojenhoitoa.villasukkasillain.com\/index.php?rest_route=%2Fwp%2Fv2%2Fmedia&parent=28"}],"wp:term":[{"taxonomy":"post_tag","embeddable":true,"href":"https:\/\/jalkojenhoitoa.villasukkasillain.com\/index.php?rest_route=%2Fwp%2Fv2%2Ftags&post=28"}],"curies":[{"name":"wp","href":"https:\/\/api.w.org\/{rel}","templated":true}]}}