{"id":137,"date":"2023-04-25T16:32:56","date_gmt":"2023-04-25T13:32:56","guid":{"rendered":"https:\/\/jalkojenhoitoa.villasukkasillain.com\/?page_id=137"},"modified":"2025-06-06T17:58:33","modified_gmt":"2025-06-06T14:58:33","slug":"hinnasto","status":"publish","type":"page","link":"https:\/\/jalkojenhoitoa.villasukkasillain.com\/?page_id=137","title":{"rendered":"Hinnasto"},"content":{"rendered":"\n<p class=\"has-x-large-font-size\"><strong><a href=\"https:\/\/karitaugcfin.my.canva.site\/jalkojenhoito-hinnasto\" target=\"_blank\" rel=\"noopener\" title=\"\">T\u00e4st\u00e4 p\u00e4\u00e4set hinnastoon<\/a><\/strong><\/p>\n\n\n\n<p class=\"has-text-align-left has-large-font-size\"><strong><a href=\"http:\/\/www.vello.fi\/jalkojenhoitoa-villasukkasillain\" target=\"_blank\" rel=\"noreferrer noopener\">AJANVARAUSKALENTERIIN T\u00c4ST\u00c4<\/a><\/strong><\/p>\n\n\n\n<p class=\"\"><\/p>\n","protected":false},"excerpt":{"rendered":"<p>T\u00e4st\u00e4 p\u00e4\u00e4set hinnastoon AJANVARAUSKALENTERIIN T\u00c4ST\u00c4<\/p>\n","protected":false},"author":2,"featured_media":227,"parent":4,"menu_order":0,"comment_status":"closed","ping_status":"closed","template":"","meta":{"nf_dc_page":"","_monsterinsights_skip_tracking":false,"_monsterinsights_sitenote_active":false,"_monsterinsights_sitenote_note":"","_monsterinsights_sitenote_category":0,"footnotes":""},"tags":[2,17,3,16],"class_list":["post-137","page","type-page","status-publish","has-post-thumbnail","hentry","tag-jalkahoito","tag-jalkahoito-ikaihmiselle","tag-jalkojenhoito","tag-jalkojenhoito-kotikayntina","without-featured-image"],"aioseo_notices":[],"jetpack_sharing_enabled":true,"_links":{"self":[{"href":"https:\/\/jalkojenhoitoa.villasukkasillain.com\/index.php?rest_route=\/wp\/v2\/pages\/137","targetHints":{"allow":["GET"]}}],"collection":[{"href":"https:\/\/jalkojenhoitoa.villasukkasillain.com\/index.php?rest_route=\/wp\/v2\/pages"}],"about":[{"href":"https:\/\/jalkojenhoitoa.villasukkasillain.com\/index.php?rest_route=\/wp\/v2\/types\/page"}],"author":[{"embeddable":true,"href":"https:\/\/jalkojenhoitoa.villasukkasillain.com\/index.php?rest_route=\/wp\/v2\/users\/2"}],"replies":[{"embeddable":true,"href":"https:\/\/jalkojenhoitoa.villasukkasillain.com\/index.php?rest_route=%2Fwp%2Fv2%2Fcomments&post=137"}],"version-history":[{"count":6,"href":"https:\/\/jalkojenhoitoa.villasukkasillain.com\/index.php?rest_route=\/wp\/v2\/pages\/137\/revisions"}],"predecessor-version":[{"id":229,"href":"https:\/\/jalkojenhoitoa.villasukkasillain.com\/index.php?rest_route=\/wp\/v2\/pages\/137\/revisions\/229"}],"up":[{"embeddable":true,"href":"https:\/\/jalkojenhoitoa.villasukkasillain.com\/index.php?rest_route=\/wp\/v2\/pages\/4"}],"wp:featuredmedia":[{"embeddable":true,"href":"https:\/\/jalkojenhoitoa.villasukkasillain.com\/index.php?rest_route=\/wp\/v2\/media\/227"}],"wp:attachment":[{"href":"https:\/\/jalkojenhoitoa.villasukkasillain.com\/index.php?rest_route=%2Fwp%2Fv2%2Fmedia&parent=137"}],"wp:term":[{"taxonomy":"post_tag","embeddable":true,"href":"https:\/\/jalkojenhoitoa.villasukkasillain.com\/index.php?rest_route=%2Fwp%2Fv2%2Ftags&post=137"}],"curies":[{"name":"wp","href":"https:\/\/api.w.org\/{rel}","templated":true}]}}